{"id":200,"date":"2021-01-20T15:29:09","date_gmt":"2021-01-20T14:29:09","guid":{"rendered":"http:\/\/akte-g.de\/www\/?page_id=200"},"modified":"2021-02-05T00:05:34","modified_gmt":"2021-02-04T23:05:34","slug":"impressum","status":"publish","type":"page","link":"https:\/\/akte-g.de\/www\/impressum\/","title":{"rendered":"Impressum"},"content":{"rendered":"\n<h2 class=\"wp-block-heading\">INHALTLICH VERANTWORTLICH:<\/h2>\n\n\n\n<p>Ralf Nemetschek gem\u00e4\u00df \u00a710 Absatz 3 MdStV | \u00a76 TdG<br>Konrad-Zuse-Platz 1 | 81829 M\u00fcnchen<br>emilio[at]akte-g.de | www.akte-g.de<\/p>\n\n\n\n<h2 class=\"wp-block-heading\">HAFTUNGSHINWEIS:<\/h2>\n\n\n\n<p>Eine Haftung f\u00fcr die Richtigkeit und Vollst\u00e4ndigkeit der Inhalte auf www.akte-g.de kann trotz sorgf\u00e4ltiger Pr\u00fcfung vom Herausgeber nicht \u00fcbernommen werden. Der Herausgeber \u00fcbernimmt keine Haftung f\u00fcr die Datensicherheit der \u00fcber die Website oder per E-Mail eingesandten Informationen jeglicher Art. Sofern von dieser Seite auf Internetseiten verwiesen wird, die von Dritten betrieben werden, \u00fcbernehmen wir keine Verantwortung f\u00fcr deren Inhalte. Sofern von einer Internetseite eines Dritten auf diese Seite verwiesen wird, \u00fcbernehmen wir keine Verantwortung f\u00fcr den Inhalt der Internetseite des Dritten.<\/p>\n\n\n\n<h2 class=\"wp-block-heading\">RECHTLICHE HINWEISE:<\/h2>\n\n\n\n<p>Copyright \u00a9 akte-g<br>Alle Rechte vorbehalten. Alle Texte, Grafiken und Bilder auf www.akte-g.de unterliegen dem Copyright des Herausgebers. Kein Teil dieser Publikationen darf ohne schriftliche Genehmigung des Herausgebers in irgendeiner Form reproduziert und unter Verwendung elektronischer Systeme verarbeitet, vervielf\u00e4ltigt oder verbreitet werden.<\/p>\n","protected":false},"excerpt":{"rendered":"<p>INHALTLICH VERANTWORTLICH: Ralf Nemetschek gem\u00e4\u00df \u00a710 Absatz 3 MdStV | \u00a76 TdGKonrad-Zuse-Platz 1 | 81829 M\u00fcnchenemilio[at]akte-g.de | www.akte-g.de HAFTUNGSHINWEIS: Eine Haftung f\u00fcr die Richtigkeit und Vollst\u00e4ndigkeit der Inhalte auf www.akte-g.de kann trotz sorgf\u00e4ltiger Pr\u00fcfung vom Herausgeber nicht \u00fcbernommen werden. Der Herausgeber \u00fcbernimmt keine Haftung f\u00fcr die Datensicherheit der \u00fcber die Website oder per E-Mail eingesandten [&hellip;]<\/p>\n","protected":false},"author":1,"featured_media":0,"parent":0,"menu_order":0,"comment_status":"closed","ping_status":"closed","template":"","meta":{"footnotes":""},"class_list":["post-200","page","type-page","status-publish","hentry"],"featured_image_urls_v2":{"full":"","thumbnail":"","medium":"","medium_large":"","large":"","1536x1536":"","2048x2048":"","post-thumbnail":"","twentytwenty-fullscreen":""},"post_excerpt_stackable_v2":"<p>INHALTLICH VERANTWORTLICH: Ralf Nemetschek gem\u00e4\u00df \u00a710 Absatz 3 MdStV | \u00a76 TdGKonrad-Zuse-Platz 1 | 81829 M\u00fcnchenemilio[at]akte-g.de | www.akte-g.de HAFTUNGSHINWEIS: Eine Haftung f\u00fcr die Richtigkeit und Vollst\u00e4ndigkeit der Inhalte auf www.akte-g.de kann trotz sorgf\u00e4ltiger Pr\u00fcfung vom Herausgeber nicht \u00fcbernommen werden. Der Herausgeber \u00fcbernimmt keine Haftung f\u00fcr die Datensicherheit der \u00fcber die Website oder per E-Mail eingesandten Informationen jeglicher Art. Sofern von dieser Seite auf Internetseiten verwiesen wird, die von Dritten betrieben werden, \u00fcbernehmen wir keine Verantwortung f\u00fcr deren Inhalte. Sofern von einer Internetseite eines Dritten auf diese Seite verwiesen wird, \u00fcbernehmen wir keine Verantwortung f\u00fcr den Inhalt der Internetseite des Dritten.&hellip;<\/p>\n","category_list_v2":"","author_info_v2":{"name":"EmilioRallentare","url":"https:\/\/akte-g.de\/www\/author\/emiliorallentare\/"},"comments_num_v2":"0 comments","_links":{"self":[{"href":"https:\/\/akte-g.de\/www\/wp-json\/wp\/v2\/pages\/200","targetHints":{"allow":["GET"]}}],"collection":[{"href":"https:\/\/akte-g.de\/www\/wp-json\/wp\/v2\/pages"}],"about":[{"href":"https:\/\/akte-g.de\/www\/wp-json\/wp\/v2\/types\/page"}],"author":[{"embeddable":true,"href":"https:\/\/akte-g.de\/www\/wp-json\/wp\/v2\/users\/1"}],"replies":[{"embeddable":true,"href":"https:\/\/akte-g.de\/www\/wp-json\/wp\/v2\/comments?post=200"}],"version-history":[{"count":4,"href":"https:\/\/akte-g.de\/www\/wp-json\/wp\/v2\/pages\/200\/revisions"}],"predecessor-version":[{"id":288,"href":"https:\/\/akte-g.de\/www\/wp-json\/wp\/v2\/pages\/200\/revisions\/288"}],"wp:attachment":[{"href":"https:\/\/akte-g.de\/www\/wp-json\/wp\/v2\/media?parent=200"}],"curies":[{"name":"wp","href":"https:\/\/api.w.org\/{rel}","templated":true}]}}