{"id":357,"date":"2022-11-27T16:40:06","date_gmt":"2022-11-27T15:40:06","guid":{"rendered":"https:\/\/akte-g.de\/www\/?page_id=357"},"modified":"2022-11-29T22:48:07","modified_gmt":"2022-11-29T21:48:07","slug":"wir","status":"publish","type":"page","link":"https:\/\/akte-g.de\/www\/wir\/","title":{"rendered":"Wir"},"content":{"rendered":"<ul class=\"wp-block-latest-posts__list has-dates has-author wp-block-latest-posts\"><li><a class=\"wp-block-latest-posts__post-title\" href=\"https:\/\/akte-g.de\/www\/2023\/09\/14\/machen-3-23-september\/\">machen 3 \/ 23. September<\/a><div class=\"wp-block-latest-posts__post-author\">von EmilioRallentare<\/div><time datetime=\"2023-09-14T10:27:37+02:00\" class=\"wp-block-latest-posts__post-date\">14. September 2023<\/time><div class=\"wp-block-latest-posts__post-full-content\"><!-- wp:image {\"id\":494,\"sizeSlug\":\"large\",\"linkDestination\":\"none\"} -->\n<figure class=\"wp-block-image size-large\"><img loading=\"lazy\" decoding=\"async\" width=\"726\" height=\"1024\" src=\"https:\/\/akte-g.de\/www\/wp-content\/uploads\/2023\/09\/machen3_Plakat_printCMYK-klein-726x1024.png\" alt=\"\" class=\"wp-image-494\" srcset=\"https:\/\/akte-g.de\/www\/wp-content\/uploads\/2023\/09\/machen3_Plakat_printCMYK-klein-726x1024.png 726w, https:\/\/akte-g.de\/www\/wp-content\/uploads\/2023\/09\/machen3_Plakat_printCMYK-klein-213x300.png 213w, https:\/\/akte-g.de\/www\/wp-content\/uploads\/2023\/09\/machen3_Plakat_printCMYK-klein-768x1083.png 768w, https:\/\/akte-g.de\/www\/wp-content\/uploads\/2023\/09\/machen3_Plakat_printCMYK-klein-1090x1536.png 1090w, https:\/\/akte-g.de\/www\/wp-content\/uploads\/2023\/09\/machen3_Plakat_printCMYK-klein-1453x2048.png 1453w, https:\/\/akte-g.de\/www\/wp-content\/uploads\/2023\/09\/machen3_Plakat_printCMYK-klein-1200x1692.png 1200w\" sizes=\"auto, (max-width: 726px) 100vw, 726px\" \/><\/figure>\n<!-- \/wp:image -->\n\n<!-- wp:paragraph -->\n<p>Die Akte in <span style=\"color: #ffffff;background-color: #000000\" class=\"stk-highlight\">LANDSBERG!<\/span> Nicht verpassen!!! Programm <a href=\"https:\/\/akte-g.de\/www\/wp-content\/uploads\/2023\/09\/machen3_Flyer_Wickelfalz_6Seiten_PRINT.pdf\" data-type=\"URL\" data-id=\"https:\/\/akte-g.de\/www\/wp-content\/uploads\/2023\/09\/machen3_Flyer_Wickelfalz_6Seiten_PRINT.pdf\" target=\"_blank\" rel=\"noreferrer noopener\">hier<\/a> downloaden!!!<\/p>\n<!-- \/wp:paragraph --><\/div><\/li>\n<li><a class=\"wp-block-latest-posts__post-title\" href=\"https:\/\/akte-g.de\/www\/2020\/12\/28\/aktendackel\/\">Aktendackel<\/a><div class=\"wp-block-latest-posts__post-author\">von EmilioRallentare<\/div><time datetime=\"2020-12-28T18:50:00+01:00\" class=\"wp-block-latest-posts__post-date\">28. Dezember 2020<\/time><div class=\"wp-block-latest-posts__post-full-content\"><!-- wp:image {\"id\":399,\"sizeSlug\":\"large\",\"linkDestination\":\"none\"} -->\n<figure class=\"wp-block-image size-large\"><img loading=\"lazy\" decoding=\"async\" width=\"768\" height=\"1024\" src=\"https:\/\/akte-g.de\/www\/wp-content\/uploads\/2022\/11\/Akte-G-768x1024.png\" alt=\"\" class=\"wp-image-399\" srcset=\"https:\/\/akte-g.de\/www\/wp-content\/uploads\/2022\/11\/Akte-G-768x1024.png 768w, https:\/\/akte-g.de\/www\/wp-content\/uploads\/2022\/11\/Akte-G-225x300.png 225w, https:\/\/akte-g.de\/www\/wp-content\/uploads\/2022\/11\/Akte-G-1152x1536.png 1152w, https:\/\/akte-g.de\/www\/wp-content\/uploads\/2022\/11\/Akte-G-1536x2048.png 1536w, https:\/\/akte-g.de\/www\/wp-content\/uploads\/2022\/11\/Akte-G-1200x1600.png 1200w\" sizes=\"auto, (max-width: 768px) 100vw, 768px\" \/><\/figure>\n<!-- \/wp:image -->\n\n<!-- wp:columns {\"verticalAlignment\":\"top\",\"align\":\"full\",\"backgroundColor\":\"accent\"} -->\n<div class=\"wp-block-columns alignfull are-vertically-aligned-top has-accent-background-color has-background\"><!-- wp:column {\"verticalAlignment\":\"top\",\"textColor\":\"white\"} -->\n<div class=\"wp-block-column is-vertically-aligned-top has-white-color has-text-color\"><!-- wp:heading {\"textAlign\":\"center\",\"textColor\":\"background\",\"fontSize\":\"larger\"} -->\n<h2 class=\"has-text-align-center has-background-color has-text-color has-larger-font-size\">M.I.C.H.L.<\/h2>\n<!-- \/wp:heading -->\n\n<!-- wp:paragraph {\"align\":\"center\",\"style\":{\"color\":{\"text\":\"#fefefe\"}},\"fontSize\":\"normal\"} -->\n<p class=\"has-text-align-center has-text-color has-normal-font-size\" style=\"color:#fefefe\">Worte und T\u00f6ne<\/p>\n<!-- \/wp:paragraph --><\/div>\n<!-- \/wp:column -->\n\n<!-- wp:column {\"verticalAlignment\":\"top\",\"textColor\":\"white\"} -->\n<div class=\"wp-block-column is-vertically-aligned-top has-white-color has-text-color\"><!-- wp:heading {\"textAlign\":\"center\",\"align\":\"full\",\"fontSize\":\"larger\"} -->\n<h2 class=\"alignfull has-text-align-center has-larger-font-size\">rALLENTARE<\/h2>\n<!-- \/wp:heading -->\n\n<!-- wp:paragraph {\"align\":\"center\",\"textColor\":\"white\",\"fontSize\":\"normal\"} -->\n<p class=\"has-text-align-center has-white-color has-text-color has-normal-font-size\">T\u00f6ne und Bilder<\/p>\n<!-- \/wp:paragraph --><\/div>\n<!-- \/wp:column -->\n\n<!-- wp:column {\"verticalAlignment\":\"top\",\"textColor\":\"white\"} -->\n<div class=\"wp-block-column is-vertically-aligned-top has-white-color has-text-color\"><!-- wp:heading {\"textAlign\":\"center\",\"fontSize\":\"larger\"} -->\n<h2 class=\"has-text-align-center has-larger-font-size\">ALx500<\/h2>\n<!-- \/wp:heading -->\n\n<!-- wp:paragraph {\"align\":\"center\",\"textColor\":\"white\",\"fontSize\":\"normal\"} -->\n<p class=\"has-text-align-center has-white-color has-text-color has-normal-font-size\">Bilder und T\u00f6ne<\/p>\n<!-- \/wp:paragraph --><\/div>\n<!-- \/wp:column --><\/div>\n<!-- \/wp:columns -->\n\n<!-- wp:paragraph -->\n<p><\/p>\n<!-- \/wp:paragraph --><\/div><\/li>\n<li><a class=\"wp-block-latest-posts__post-title\" href=\"https:\/\/akte-g.de\/www\/2020\/12\/03\/die-organisation\/\">Die Akte wird geboren<\/a><div class=\"wp-block-latest-posts__post-author\">von EmilioRallentare<\/div><time datetime=\"2020-12-03T10:06:46+01:00\" class=\"wp-block-latest-posts__post-date\">3. Dezember 2020<\/time><div class=\"wp-block-latest-posts__post-full-content\"><!-- wp:image {\"id\":65,\"sizeSlug\":\"large\"} -->\n<figure class=\"wp-block-image size-large\"><img loading=\"lazy\" decoding=\"async\" width=\"946\" height=\"1024\" src=\"http:\/\/akte-g.de\/www\/wp-content\/uploads\/2020\/12\/20201128_003319_20201128_003339698-946x1024.jpg\" alt=\"\" class=\"wp-image-65\" srcset=\"https:\/\/akte-g.de\/www\/wp-content\/uploads\/2020\/12\/20201128_003319_20201128_003339698-946x1024.jpg 946w, https:\/\/akte-g.de\/www\/wp-content\/uploads\/2020\/12\/20201128_003319_20201128_003339698-277x300.jpg 277w, https:\/\/akte-g.de\/www\/wp-content\/uploads\/2020\/12\/20201128_003319_20201128_003339698-768x832.jpg 768w, https:\/\/akte-g.de\/www\/wp-content\/uploads\/2020\/12\/20201128_003319_20201128_003339698.jpg 1182w\" sizes=\"auto, (max-width: 946px) 100vw, 946px\" \/><\/figure>\n<!-- \/wp:image -->\n\n<!-- wp:pullquote {\"style\":{\"border\":{\"width\":\"0px\",\"style\":\"none\"}},\"textColor\":\"accent\"} -->\n<figure class=\"wp-block-pullquote has-accent-color has-text-color\" style=\"border-style:none;border-width:0px\"><blockquote><p><em>I&#8217;m never gonna dance again<\/em><br><em>Guilty feet have got no rhythm<\/em><\/p><cite>G.M.<\/cite><\/blockquote><\/figure>\n<!-- \/wp:pullquote -->\n\n<!-- wp:paragraph {\"dropCap\":true} -->\n<p class=\"has-drop-cap\">Begonnen hat die G-Schichte in einer kleinen Bar, die nicht in Portugal ist, wie man an den Steingut-Kr\u00fcgen schnell bemerkt. Vielleicht waren es aber auch Billy-Becher. Egal, auf jeden Fall schwebte die Idee im Raum und wartete nur darauf, empfangen zu werden, was uns nach einiger Zeit auch gelang. Im wesentlichen geht es darum, die Leichtigkeit des kreativen Prozesses zur\u00fcckzuerobern, was durch das <a href=\"http:\/\/akte-g.de\/www\/2021\/01\/09\/das-prinzip-g\/\" data-type=\"post\" data-id=\"91\">PRINZIP G<\/a> garantiert werden soll.<\/p>\n<!-- \/wp:paragraph -->\n\n<!-- wp:paragraph {\"dropCap\":true} -->\n<p class=\"has-drop-cap\">Die Gr\u00fcndung der Organisation selbst war eine Formsache. Die Herausforderung bestand und besteht darin, den <span style=\"color: #ffffff;background-color: #000000\" class=\"ugb-highlight\">G-DANKEN<\/span> zu implementieren. Diese Heransgehensweise, Probleme nicht zu suchen, sondern instantan per Definition zu l\u00f6sen war auch f\u00fcr uns neu. Zweifel gingen ein und (nie) aus. Dennoch gab es keine Alternative, das (gute) Alte zu bewahren und gleichzeitig das Neue zu beginnen. <\/p>\n<!-- \/wp:paragraph -->\n\n<!-- wp:paragraph {\"dropCap\":true} -->\n<p class=\"has-drop-cap\">Das <span style=\"color: #ffffff;background-color: #000000\" class=\"ugb-highlight\">PRINZIP G<\/span> ist live und spontan. Was im Moment (wir haben das Jahr 2020) zugegebenerma\u00dfen ein Problem ist. Durch die \u00dcberla-G-erung der vorhandenen Ressourcen konnte aber ein Ausgleich geschaffen werden, der hier im digitalen Raum seinen Niederschlag finden soll. Die Bei-Tr\u00e4ge sind stets als Momentaufnahmen des kreativen Prozesses zu sehen und wollen gar nicht vor dem obersten G-Richt bestehen k\u00f6nnen.<\/p>\n<!-- \/wp:paragraph --><\/div><\/li>\n<li><a class=\"wp-block-latest-posts__post-title\" href=\"https:\/\/akte-g.de\/www\/2020\/10\/09\/das-prinzip-g\/\">Das Prinzip G.<\/a><div class=\"wp-block-latest-posts__post-author\">von EmilioRallentare<\/div><time datetime=\"2020-10-09T22:56:00+02:00\" class=\"wp-block-latest-posts__post-date\">9. Oktober 2020<\/time><div class=\"wp-block-latest-posts__post-full-content\"><!-- wp:image {\"id\":101,\"sizeSlug\":\"large\"} -->\n<figure class=\"wp-block-image size-large\"><img loading=\"lazy\" decoding=\"async\" width=\"797\" height=\"797\" src=\"http:\/\/akte-g.de\/www\/wp-content\/uploads\/2021\/01\/img_0246.jpg\" alt=\"\" class=\"wp-image-101\" srcset=\"https:\/\/akte-g.de\/www\/wp-content\/uploads\/2021\/01\/img_0246.jpg 797w, https:\/\/akte-g.de\/www\/wp-content\/uploads\/2021\/01\/img_0246-300x300.jpg 300w, https:\/\/akte-g.de\/www\/wp-content\/uploads\/2021\/01\/img_0246-150x150.jpg 150w, https:\/\/akte-g.de\/www\/wp-content\/uploads\/2021\/01\/img_0246-768x768.jpg 768w\" sizes=\"auto, (max-width: 797px) 100vw, 797px\" \/><\/figure>\n<!-- \/wp:image -->\n\n<!-- wp:pullquote -->\n<figure class=\"wp-block-pullquote\"><blockquote><p><em>It\u2019s weird not to be weird.<\/em><\/p><cite>J. L.<\/cite><\/blockquote><\/figure>\n<!-- \/wp:pullquote -->\n\n<!-- wp:paragraph -->\n<p><strong>Frage:<\/strong> K\u00f6nnen Sie uns erkl\u00e4ren, was das G-Prinzip ist und was genau die Akte-G enth\u00e4lt?<br><strong>Antwort:<\/strong> Die Akte-G enth\u00e4lt nicht mehr und nicht weniger als die Antwort auf die Frage nach der Frage, was <span style=\"color: #ffffff;background-color: #000000\" class=\"ugb-highlight\">GUTE MUSIK<\/span> ausmacht.<br><strong>F:<\/strong> Das klingt ja sehr ambitioniert. Wollen Sie das vielleicht bitte noch etwas pr\u00e4zisieren?<br><strong>A:<\/strong> Sehen Sie, jahrelang waren wir gefangen in der Konvention, es <span style=\"color: #ffffff;background-color: #351131\" class=\"ugb-highlight\">RICHTIG<\/span> zu machen. Was immer das hie\u00df. Genau wusste das ja auch nie jemand.<br><strong>F:<\/strong> Und jetzt?<br><strong>A:<\/strong> Jetzt <span style=\"color: #ffffff;background-color: #000000\" class=\"ugb-highlight\">IST<\/span> es einfach richtig. Ich meine das, was man macht. Ganz simpel, per Definition . Die Akte ist dabei eine nichtteilbare Einheit. Eine Art <span style=\"color: #ffffff;background-color: #000000\" class=\"ugb-highlight\">SUPERMOLEK\u00dcL<\/span>, wenn Sie wollen. Das k\u00fcnstlerische Prinzip wird durch <span style=\"color: #ffffff;background-color: #000000\" class=\"ugb-highlight\">SUPERPOSITION<\/span> abgebildet. <strong><br>F:<\/strong> Ganz ehrlich, das klingt jetzt eher unverst\u00e4ndlich und gewollt.<br><strong>A:<\/strong> Im Gegenteil. Beziehungsweise gewollt ist es nat\u00fcrlich schon. Aber nicht das Unverst\u00e4ndliche, sondern das Einfache, das Schnelle. In einer Zeit, da Algo-Rhythmen \u00fcber unsere musikalischen Vorlieben bestimmen, macht es einfach keinen <span style=\"color: #ffffff;background-color: #000000\" class=\"ugb-highlight\">SINN<\/span> mehr, wochenlang zu diskutieren. Die Menge des k\u00fcnstlerischen und sozialen Outputs bekommt eine ganz neue <span style=\"color: #ffffff;background-color: #000000\" class=\"ugb-highlight\">QUALIT\u00c4T<\/span> durch st\u00e4ndige \u00dcberlagerung. Das muss so sein, um <span style=\"color: #ffffff;background-color: #000000\" class=\"ugb-highlight\">AUTHENTISCH<\/span> zu bleiben oder sogar erst \u00fcberhaupt zu werden. Ich m\u00f6chte Ihnen jetzt keine <span style=\"color: #ffffff;background-color: #000000\" class=\"ugb-highlight\">ANGST<\/span> machen, aber dieser Prozess steht uns allen &#8211; auch Ihnen &#8211; noch bevor.<br><strong>F:<\/strong> Wir denken Ihnen f\u00fcr dieses <span style=\"color: #ffffff;background-color: #000000\" class=\"ugb-highlight\">G-SPR\u00c4CH<\/span>.<br> <\/p>\n<!-- \/wp:paragraph --><\/div><\/li>\n<\/ul>","protected":false},"excerpt":{"rendered":"<p>Wir sind immer f\u00fcr dich da&#8230;<\/p>\n","protected":false},"author":1,"featured_media":0,"parent":0,"menu_order":0,"comment_status":"closed","ping_status":"closed","template":"","meta":{"footnotes":""},"class_list":["post-357","page","type-page","status-publish","hentry"],"featured_image_urls_v2":{"full":"","thumbnail":"","medium":"","medium_large":"","large":"","1536x1536":"","2048x2048":"","post-thumbnail":"","twentytwenty-fullscreen":""},"post_excerpt_stackable_v2":"<p>Wir sind immer f\u00fcr dich da&#8230;<\/p>\n","category_list_v2":"","author_info_v2":{"name":"EmilioRallentare","url":"https:\/\/akte-g.de\/www\/author\/emiliorallentare\/"},"comments_num_v2":"0 comments","_links":{"self":[{"href":"https:\/\/akte-g.de\/www\/wp-json\/wp\/v2\/pages\/357","targetHints":{"allow":["GET"]}}],"collection":[{"href":"https:\/\/akte-g.de\/www\/wp-json\/wp\/v2\/pages"}],"about":[{"href":"https:\/\/akte-g.de\/www\/wp-json\/wp\/v2\/types\/page"}],"author":[{"embeddable":true,"href":"https:\/\/akte-g.de\/www\/wp-json\/wp\/v2\/users\/1"}],"replies":[{"embeddable":true,"href":"https:\/\/akte-g.de\/www\/wp-json\/wp\/v2\/comments?post=357"}],"version-history":[{"count":11,"href":"https:\/\/akte-g.de\/www\/wp-json\/wp\/v2\/pages\/357\/revisions"}],"predecessor-version":[{"id":471,"href":"https:\/\/akte-g.de\/www\/wp-json\/wp\/v2\/pages\/357\/revisions\/471"}],"wp:attachment":[{"href":"https:\/\/akte-g.de\/www\/wp-json\/wp\/v2\/media?parent=357"}],"curies":[{"name":"wp","href":"https:\/\/api.w.org\/{rel}","templated":true}]}}