{"id":8,"date":"2020-12-02T16:28:11","date_gmt":"2020-12-02T15:28:11","guid":{"rendered":"http:\/\/akte-g.de\/www\/?page_id=8"},"modified":"2022-11-29T14:58:09","modified_gmt":"2022-11-29T13:58:09","slug":"kontakt","status":"publish","type":"page","link":"https:\/\/akte-g.de\/www\/kontakt\/","title":{"rendered":"KontaktKontakt"},"content":{"rendered":"\n<div class=\"wp-block-columns is-layout-flex wp-container-core-columns-is-layout-9d6595d7 wp-block-columns-is-layout-flex\">\n<div class=\"wp-block-column is-layout-flow wp-block-column-is-layout-flow\"><\/div>\n<\/div>\n\n\n\n<div class=\"alignwide wp-block-ugb-team-member ugb-team-member ugb-f561792 ugb-team-member--v3 ugb-team-member--design-basic ugb-team-member--columns-3 ugb-main-block\"><style>.ugb-f561792 .ugb-team-member__item{background-color:#0c1687 !important}.ugb-f561792 .ugb-team-member__item:before{background-color:#0c1687 !important}.ugb-f561792 .ugb-img{-webkit-mask-image:url('data:image\/svg+xml;base64,PHN2ZyB4bWxucz0iaHR0cDovL3d3dy53My5vcmcvMjAwMC9zdmciIHZpZXdCb3g9IjAgMCAyMDAgMjAwIj48cGF0aCBkPSJNMTg4LjUgMzEuOWMxMi45IDE1LjkgMTIuNSA0My4zIDEwLjMgNzcuMXMtNi4yIDc0LjItMjYuMiA4Ni41LTU2LjEtMy4zLTg5LjQtMjEuMi02My43LTM4LjEtNzYuNC02OS44Qy01LjkgNzMtLjggMjkuOSAyMS42IDExLjcgNDQtNi40IDgzLjguNSAxMTYuNyA2LjFzNTkgMTAgNzEuOCAyNS44eiI+PC9wYXRoPjwvc3ZnPg==');mask-image:url('data:image\/svg+xml;base64,PHN2ZyB4bWxucz0iaHR0cDovL3d3dy53My5vcmcvMjAwMC9zdmciIHZpZXdCb3g9IjAgMCAyMDAgMjAwIj48cGF0aCBkPSJNMTg4LjUgMzEuOWMxMi45IDE1LjkgMTIuNSA0My4zIDEwLjMgNzcuMXMtNi4yIDc0LjItMjYuMiA4Ni41LTU2LjEtMy4zLTg5LjQtMjEuMi02My43LTM4LjEtNzYuNC02OS44Qy01LjkgNzMtLjggMjkuOSAyMS42IDExLjcgNDQtNi40IDgzLjguNSAxMTYuNyA2LjFzNTkgMTAgNzEuOCAyNS44eiI+PC9wYXRoPjwvc3ZnPg==')}.ugb-f561792 .ugb-img,.ugb-f561792 .ugb-team-member__image{margin-left:auto !important;margin-right:auto !important}.ugb-f561792 .ugb-team-member__name{color:#ff2de6 !important;text-align:center !important}.ugb-f561792 .ugb-team-member__description{color:#ffffff;text-align:center !important}.ugb-f561792 .ugb-button{border-radius:42px !important}.ugb-f561792 .ugb-button:before{border-radius:42px !important}.ugb-f561792 .ugb-button.ugb-button--has-icon.ugb-button--has-icon svg{width:px;height:px}.ugb-f561792 .ugb-team-member__buttons{text-align:center !important}.ugb-f561792 .ugb-team-member__image{margin-bottom:-16px !important}.ugb-f561792 .ugb-inner-block{text-align:left}@media screen and (min-width:768px){.ugb-f561792 .ugb-img{width:280px;height:280px !important}}@media screen and (min-width:1025px){.ugb-f561792 .ugb-team-member__image{width:280px !important}}<\/style><div class=\"ugb-inner-block\"><div class=\"ugb-block-content\"><div class=\"ugb-team-member__item ugb-team-member__item1\"><div class=\"ugb-team-member__image\"><img loading=\"lazy\" decoding=\"async\" width=\"225\" height=\"300\" class=\"ugb-img wp-image-178 ugb-img--shape\" src=\"http:\/\/akte-g.de\/www\/wp-content\/uploads\/2021\/01\/Mi2-225x300.jpg\" alt=\"M.I.C.H.L.\" title=\"\" srcset=\"https:\/\/akte-g.de\/www\/wp-content\/uploads\/2021\/01\/Mi2-225x300.jpg 225w, https:\/\/akte-g.de\/www\/wp-content\/uploads\/2021\/01\/Mi2-768x1024.jpg 768w, https:\/\/akte-g.de\/www\/wp-content\/uploads\/2021\/01\/Mi2.jpg 960w\" sizes=\"auto, (max-width: 225px) 100vw, 225px\" \/><\/div><div class=\"ugb-team-member__content\"><div class=\"ugb-team-member__title\"><h4 class=\"ugb-team-member__name\">M.I.C.H.L.<\/h4><\/div><p class=\"ugb-team-member__description\">Worte und T\u00f6ne<\/p><div class=\"ugb-team-member__buttons\"><div class=\"ugb-button-container\"><a class=\"ugb-social-button ugb-button-email ugb-button ugb-button--size-normal ugb-button--icon-only ugb-button--design-ghost ugb-button--has-icon\" href=\"mailto:M.I.C.H.L@akte-g.de\" rel=\"noopener noreferrer nofollow\" title=\"\"><div class=\"ugb-icon-inner-svg\"><svg aria-hidden=\"true\" focusable=\"false\" data-prefix=\"far\" data-icon=\"envelope\" class=\"svg-inline--fa fa-envelope fa-w-16\" role=\"img\" xmlns=\"http:\/\/www.w3.org\/2000\/svg\" viewBox=\"0 0 512 512\"><path fill=\"currentColor\" d=\"M464 64H48C21.49 64 0 85.49 0 112v288c0 26.51 21.49 48 48 48h416c26.51 0 48-21.49 48-48V112c0-26.51-21.49-48-48-48zm0 48v40.805c-22.422 18.259-58.168 46.651-134.587 106.49-16.841 13.247-50.201 45.072-73.413 44.701-23.208.375-56.579-31.459-73.413-44.701C106.18 199.465 70.425 171.067 48 152.805V112h416zM48 400V214.398c22.914 18.251 55.409 43.862 104.938 82.646 21.857 17.205 60.134 55.186 103.062 54.955 42.717.231 80.509-37.199 103.053-54.947 49.528-38.783 82.032-64.401 104.947-82.653V400H48z\"><\/path><\/svg><\/div><\/a><\/div><\/div><\/div><\/div><div class=\"ugb-team-member__item ugb-team-member__item2\"><div class=\"ugb-team-member__image\"><img loading=\"lazy\" decoding=\"async\" width=\"216\" height=\"300\" class=\"ugb-img wp-image-44 ugb-img--shape\" src=\"http:\/\/akte-g.de\/www\/wp-content\/uploads\/2020\/12\/alx-216x300.jpg\" alt=\"ALx500\" title=\"\" srcset=\"https:\/\/akte-g.de\/www\/wp-content\/uploads\/2020\/12\/alx-216x300.jpg 216w, https:\/\/akte-g.de\/www\/wp-content\/uploads\/2020\/12\/alx.jpg 288w\" sizes=\"auto, (max-width: 216px) 100vw, 216px\" \/><\/div><div class=\"ugb-team-member__content\"><div class=\"ugb-team-member__title\"><h4 class=\"ugb-team-member__name\">ALx500<\/h4><\/div><p class=\"ugb-team-member__description\">T\u00f6ne und Bilder<\/p><div class=\"ugb-team-member__buttons\"><div class=\"ugb-button-container\"><a class=\"ugb-social-button ugb-button-email ugb-button ugb-button--size-normal ugb-button--icon-only ugb-button--design-ghost ugb-button--has-icon\" href=\"mailto:rALLENTARE@AKTE-G.de\" rel=\"noopener noreferrer nofollow\" title=\"\"><div class=\"ugb-icon-inner-svg\"><svg aria-hidden=\"true\" focusable=\"false\" data-prefix=\"far\" data-icon=\"envelope\" class=\"svg-inline--fa fa-envelope fa-w-16\" role=\"img\" xmlns=\"http:\/\/www.w3.org\/2000\/svg\" viewBox=\"0 0 512 512\"><path fill=\"currentColor\" d=\"M464 64H48C21.49 64 0 85.49 0 112v288c0 26.51 21.49 48 48 48h416c26.51 0 48-21.49 48-48V112c0-26.51-21.49-48-48-48zm0 48v40.805c-22.422 18.259-58.168 46.651-134.587 106.49-16.841 13.247-50.201 45.072-73.413 44.701-23.208.375-56.579-31.459-73.413-44.701C106.18 199.465 70.425 171.067 48 152.805V112h416zM48 400V214.398c22.914 18.251 55.409 43.862 104.938 82.646 21.857 17.205 60.134 55.186 103.062 54.955 42.717.231 80.509-37.199 103.053-54.947 49.528-38.783 82.032-64.401 104.947-82.653V400H48z\"><\/path><\/svg><\/div><\/a><\/div><\/div><\/div><\/div><div class=\"ugb-team-member__item ugb-team-member__item3\"><div class=\"ugb-team-member__image\"><img loading=\"lazy\" decoding=\"async\" width=\"300\" height=\"300\" class=\"ugb-img wp-image-47 ugb-img--shape\" src=\"http:\/\/akte-g.de\/www\/wp-content\/uploads\/2020\/12\/rALLENTARE-300x300.jpg\" alt=\"rALLENTARE\" title=\"\" srcset=\"https:\/\/akte-g.de\/www\/wp-content\/uploads\/2020\/12\/rALLENTARE-300x300.jpg 300w, https:\/\/akte-g.de\/www\/wp-content\/uploads\/2020\/12\/rALLENTARE-150x150.jpg 150w, https:\/\/akte-g.de\/www\/wp-content\/uploads\/2020\/12\/rALLENTARE.jpg 422w\" sizes=\"auto, (max-width: 300px) 100vw, 300px\" \/><\/div><div class=\"ugb-team-member__content\"><div class=\"ugb-team-member__title\"><h4 class=\"ugb-team-member__name\">rALLENTARE<\/h4><\/div><p class=\"ugb-team-member__description\">Bilder und T\u00f6ne<\/p><div class=\"ugb-team-member__buttons\"><div class=\"ugb-button-container\"><a class=\"ugb-social-button ugb-button-email ugb-button ugb-button--size-normal ugb-button--icon-only ugb-button--design-ghost ugb-button--has-icon\" href=\"mailto:my@email.com\" rel=\"noopener noreferrer nofollow\" title=\"\"><div class=\"ugb-icon-inner-svg\"><svg aria-hidden=\"true\" focusable=\"false\" data-prefix=\"far\" data-icon=\"envelope\" class=\"svg-inline--fa fa-envelope fa-w-16\" role=\"img\" xmlns=\"http:\/\/www.w3.org\/2000\/svg\" viewBox=\"0 0 512 512\"><path fill=\"currentColor\" d=\"M464 64H48C21.49 64 0 85.49 0 112v288c0 26.51 21.49 48 48 48h416c26.51 0 48-21.49 48-48V112c0-26.51-21.49-48-48-48zm0 48v40.805c-22.422 18.259-58.168 46.651-134.587 106.49-16.841 13.247-50.201 45.072-73.413 44.701-23.208.375-56.579-31.459-73.413-44.701C106.18 199.465 70.425 171.067 48 152.805V112h416zM48 400V214.398c22.914 18.251 55.409 43.862 104.938 82.646 21.857 17.205 60.134 55.186 103.062 54.955 42.717.231 80.509-37.199 103.053-54.947 49.528-38.783 82.032-64.401 104.947-82.653V400H48z\"><\/path><\/svg><\/div><\/a><\/div><\/div><\/div><\/div><\/div><\/div><\/div>\n\n\n\n<p><\/p>\n","protected":false},"excerpt":{"rendered":"<p>M.I.C.H.L. Worte und T\u00f6ne ALx500 T\u00f6ne und Bilder rALLENTARE Bilder und T\u00f6ne<\/p>\n","protected":false},"author":1,"featured_media":0,"parent":0,"menu_order":0,"comment_status":"closed","ping_status":"closed","template":"","meta":{"footnotes":""},"class_list":["post-8","page","type-page","status-publish","hentry"],"featured_image_urls_v2":{"full":"","thumbnail":"","medium":"","medium_large":"","large":"","1536x1536":"","2048x2048":"","post-thumbnail":"","twentytwenty-fullscreen":""},"post_excerpt_stackable_v2":"<p>M.I.C.H.L.Worte und T\u00f6neALx500T\u00f6ne und BilderrALLENTAREBilder und T\u00f6ne<\/p>\n","category_list_v2":"","author_info_v2":{"name":"EmilioRallentare","url":"https:\/\/akte-g.de\/www\/author\/emiliorallentare\/"},"comments_num_v2":"0 comments","_links":{"self":[{"href":"https:\/\/akte-g.de\/www\/wp-json\/wp\/v2\/pages\/8","targetHints":{"allow":["GET"]}}],"collection":[{"href":"https:\/\/akte-g.de\/www\/wp-json\/wp\/v2\/pages"}],"about":[{"href":"https:\/\/akte-g.de\/www\/wp-json\/wp\/v2\/types\/page"}],"author":[{"embeddable":true,"href":"https:\/\/akte-g.de\/www\/wp-json\/wp\/v2\/users\/1"}],"replies":[{"embeddable":true,"href":"https:\/\/akte-g.de\/www\/wp-json\/wp\/v2\/comments?post=8"}],"version-history":[{"count":15,"href":"https:\/\/akte-g.de\/www\/wp-json\/wp\/v2\/pages\/8\/revisions"}],"predecessor-version":[{"id":451,"href":"https:\/\/akte-g.de\/www\/wp-json\/wp\/v2\/pages\/8\/revisions\/451"}],"wp:attachment":[{"href":"https:\/\/akte-g.de\/www\/wp-json\/wp\/v2\/media?parent=8"}],"curies":[{"name":"wp","href":"https:\/\/api.w.org\/{rel}","templated":true}]}}